{"id":307,"date":"2022-11-29T08:41:25","date_gmt":"2022-11-29T07:41:25","guid":{"rendered":"http:\/\/instytuttransmisjikulturowej.pl\/smr\/?page_id=307"},"modified":"2022-12-20T14:00:17","modified_gmt":"2022-12-20T13:00:17","slug":"konkurs","status":"publish","type":"page","link":"http:\/\/instytuttransmisjikulturowej.pl\/smr\/konkurs\/","title":{"rendered":"Konkurs"},"content":{"rendered":"\n<p> <\/p>\n\n\n\n<p>PREZENTACJE KONKURSOWE &#8211;> <a rel=\"noreferrer noopener\" href=\"http:\/\/instytuttransmisjikulturowej.pl\/smr\/konkurs\/prezentacje\/\" target=\"_blank\">http:\/\/instytuttransmisjikulturowej.pl\/smr\/konkurs\/prezentacje\/<\/a><\/p>\n\n\n\n<p>WYNIKI KONKURSU &#8211;> <a href=\"http:\/\/instytuttransmisjikulturowej.pl\/smr\/wyniki-konkursu\/\" target=\"_blank\" rel=\"noreferrer noopener\">http:\/\/instytuttransmisjikulturowej.pl\/smr\/wyniki-konkursu\/<\/a><\/p>\n\n\n\n<p> <\/p>\n\n\n\n<figure class=\"wp-block-image size-large is-resized\"><img loading=\"lazy\" decoding=\"async\" src=\"http:\/\/instytuttransmisjikulturowej.pl\/smr\/wp-content\/uploads\/2022\/11\/93550031-6EBA-47D2-951B-650E67BFE427-725x1024.png\" alt=\"\" class=\"wp-image-328\" width=\"375\" height=\"530\" srcset=\"http:\/\/instytuttransmisjikulturowej.pl\/smr\/wp-content\/uploads\/2022\/11\/93550031-6EBA-47D2-951B-650E67BFE427-725x1024.png 725w, http:\/\/instytuttransmisjikulturowej.pl\/smr\/wp-content\/uploads\/2022\/11\/93550031-6EBA-47D2-951B-650E67BFE427-212x300.png 212w, http:\/\/instytuttransmisjikulturowej.pl\/smr\/wp-content\/uploads\/2022\/11\/93550031-6EBA-47D2-951B-650E67BFE427-768x1085.png 768w, http:\/\/instytuttransmisjikulturowej.pl\/smr\/wp-content\/uploads\/2022\/11\/93550031-6EBA-47D2-951B-650E67BFE427-1087x1536.png 1087w, http:\/\/instytuttransmisjikulturowej.pl\/smr\/wp-content\/uploads\/2022\/11\/93550031-6EBA-47D2-951B-650E67BFE427.png 1416w\" sizes=\"auto, (max-width: 375px) 100vw, 375px\" \/><\/figure>\n\n\n\n<figure class=\"wp-block-image size-large\"><img loading=\"lazy\" decoding=\"async\" width=\"725\" height=\"1024\" src=\"http:\/\/instytuttransmisjikulturowej.pl\/smr\/wp-content\/uploads\/2022\/11\/1F8FA9C8-23A2-4A7D-BFB8-32A7AC29A359-725x1024.png\" alt=\"\" class=\"wp-image-330\" srcset=\"http:\/\/instytuttransmisjikulturowej.pl\/smr\/wp-content\/uploads\/2022\/11\/1F8FA9C8-23A2-4A7D-BFB8-32A7AC29A359-725x1024.png 725w, http:\/\/instytuttransmisjikulturowej.pl\/smr\/wp-content\/uploads\/2022\/11\/1F8FA9C8-23A2-4A7D-BFB8-32A7AC29A359-212x300.png 212w, http:\/\/instytuttransmisjikulturowej.pl\/smr\/wp-content\/uploads\/2022\/11\/1F8FA9C8-23A2-4A7D-BFB8-32A7AC29A359-768x1085.png 768w, http:\/\/instytuttransmisjikulturowej.pl\/smr\/wp-content\/uploads\/2022\/11\/1F8FA9C8-23A2-4A7D-BFB8-32A7AC29A359-1087x1536.png 1087w, http:\/\/instytuttransmisjikulturowej.pl\/smr\/wp-content\/uploads\/2022\/11\/1F8FA9C8-23A2-4A7D-BFB8-32A7AC29A359.png 1416w\" sizes=\"auto, (max-width: 725px) 100vw, 725px\" \/><\/figure>\n\n\n\n<p class=\"has-text-align-left\"><br><strong>Jury<\/strong> <strong>konkursu<\/strong> <\/p>\n\n\n\n<p><strong>Joszko Broda<\/strong><\/p>\n\n\n\n<figure class=\"wp-block-image size-large\"><img loading=\"lazy\" decoding=\"async\" width=\"682\" height=\"1024\" src=\"http:\/\/instytuttransmisjikulturowej.pl\/smr\/wp-content\/uploads\/2022\/11\/55001903-C410-48F2-9A30-ECC889989E6C-682x1024.jpeg\" alt=\"\" class=\"wp-image-322\" srcset=\"http:\/\/instytuttransmisjikulturowej.pl\/smr\/wp-content\/uploads\/2022\/11\/55001903-C410-48F2-9A30-ECC889989E6C-682x1024.jpeg 682w, http:\/\/instytuttransmisjikulturowej.pl\/smr\/wp-content\/uploads\/2022\/11\/55001903-C410-48F2-9A30-ECC889989E6C-200x300.jpeg 200w, http:\/\/instytuttransmisjikulturowej.pl\/smr\/wp-content\/uploads\/2022\/11\/55001903-C410-48F2-9A30-ECC889989E6C-768x1152.jpeg 768w, http:\/\/instytuttransmisjikulturowej.pl\/smr\/wp-content\/uploads\/2022\/11\/55001903-C410-48F2-9A30-ECC889989E6C.jpeg 853w\" sizes=\"auto, (max-width: 682px) 100vw, 682px\" \/><figcaption class=\"wp-element-caption\">fot. Andrzej Koziara<br><br>Joszko Broda &#8211; absolwent Pa\u0144stwowego Liceum Sztuk Plastycznych w Zakopanem i Retoryki Stosowanej na Katolickim Uniwersytecie Lubelskim, ucze\u0144 mistrz\u00f3w muzyki tradycyjnym w przekazie transmisji mi\u0119dzypokoleniowej, artysta, muzyk, multiinstrumentalista, producent muzyczny, autor projekt\u00f3w w dziedzinie kultury, autor program\u00f3w artystycznych opartych o dziedzictwo kulturowe, wsp\u00f3\u0142tw\u00f3rca zespo\u0142\u00f3w dzieci\u0119cych \u201eArka Noego\u201d, \u201eDzieci z Brod\u0105\u201d, autor album\u00f3w muzycznych, muzyki filmowej i teatralnej, muzyk sesyjny (albumy muzyczne, film, teatr), juror w trakcie konkurs\u00f3w artystycznych dla dzieci i casting\u00f3w.<\/figcaption><\/figure>\n\n\n\n<p><\/p>\n\n\n\n<p><br><strong>Katarzyna Golec<\/strong><\/p>\n\n\n\n<figure class=\"wp-block-image size-large\"><img loading=\"lazy\" decoding=\"async\" width=\"683\" height=\"1024\" src=\"http:\/\/instytuttransmisjikulturowej.pl\/smr\/wp-content\/uploads\/2022\/11\/2971F38A-7B85-4E40-8039-CBB9D82549BA-683x1024.jpeg\" alt=\"\" class=\"wp-image-310\" srcset=\"http:\/\/instytuttransmisjikulturowej.pl\/smr\/wp-content\/uploads\/2022\/11\/2971F38A-7B85-4E40-8039-CBB9D82549BA-683x1024.jpeg 683w, http:\/\/instytuttransmisjikulturowej.pl\/smr\/wp-content\/uploads\/2022\/11\/2971F38A-7B85-4E40-8039-CBB9D82549BA-200x300.jpeg 200w, http:\/\/instytuttransmisjikulturowej.pl\/smr\/wp-content\/uploads\/2022\/11\/2971F38A-7B85-4E40-8039-CBB9D82549BA-768x1152.jpeg 768w, http:\/\/instytuttransmisjikulturowej.pl\/smr\/wp-content\/uploads\/2022\/11\/2971F38A-7B85-4E40-8039-CBB9D82549BA-1024x1536.jpeg 1024w, http:\/\/instytuttransmisjikulturowej.pl\/smr\/wp-content\/uploads\/2022\/11\/2971F38A-7B85-4E40-8039-CBB9D82549BA-1365x2048.jpeg 1365w, http:\/\/instytuttransmisjikulturowej.pl\/smr\/wp-content\/uploads\/2022\/11\/2971F38A-7B85-4E40-8039-CBB9D82549BA-scaled.jpeg 1707w\" sizes=\"auto, (max-width: 683px) 100vw, 683px\" \/><figcaption class=\"wp-element-caption\">Absolwentka Akademii Teatralnej im. A. Zelwerowicza w Warszawie na Wydziale Sztuki Lalkarskiej w Bia\u0142ymstoku. Ca\u0142e \u017cycie zawodowe zwi\u0105zana z dzia\u0142aniami w obr\u0119bie kultury, szczeg\u00f3lnie adresowanymi do najm\u0142odszych. Uko\u0144czy\u0142a Podyplomowe Studia Mened\u017cerskie na UW i Pomagisterskie Studium Logopedyczne na UW. Wyst\u0119powa\u0142a w Teatrze Lalek Banialuka w Bielsku Bia\u0142ej, jednocze\u015bnie prowadz\u0105c dzia\u0142alno\u015b\u0107 edukacyjn\u0105 skierowan\u0105 do dzieci. Prowadzi\u0142a Fundacj\u0119 Braci Golec, kt\u00f3ra zajmuje si\u0119 edukacj\u0105 muzyczn\u0105 dzieci i promocj\u0105 polskiego folkloru. Koordynowa\u0142a prace zwi\u0105zane z wydaniem i promocj\u0105 dw\u00f3ch pierwszych tom\u00f3w album\u00f3w serii \u201dStroje ludowe w Karpatach polskich\u201d.&nbsp;Producentka s\u0142uchowisk dla dzieci. Wsp\u00f3\u0142pracuj\u0105c z agencj\u0105 producenck\u0105 TOProduction na stanowisku asystenta re\u017cysera, zrealizowa\u0142a kilkadziesi\u0105t widowisk plenerowych, koncert\u00f3w telewizyjnych i projekt\u00f3w edukacyjnych.<\/figcaption><\/figure>\n\n\n\n<p><\/p>\n\n\n\n<p><br><strong>Dorota Izabela Majerczyk<\/strong><\/p>\n\n\n\n<figure class=\"wp-block-image size-large\"><img loading=\"lazy\" decoding=\"async\" width=\"847\" height=\"1024\" src=\"http:\/\/instytuttransmisjikulturowej.pl\/smr\/wp-content\/uploads\/2022\/11\/8368BDB9-79B3-4FF7-A2DB-B40B94C22629-847x1024.jpeg\" alt=\"\" class=\"wp-image-314\" srcset=\"http:\/\/instytuttransmisjikulturowej.pl\/smr\/wp-content\/uploads\/2022\/11\/8368BDB9-79B3-4FF7-A2DB-B40B94C22629-847x1024.jpeg 847w, http:\/\/instytuttransmisjikulturowej.pl\/smr\/wp-content\/uploads\/2022\/11\/8368BDB9-79B3-4FF7-A2DB-B40B94C22629-248x300.jpeg 248w, http:\/\/instytuttransmisjikulturowej.pl\/smr\/wp-content\/uploads\/2022\/11\/8368BDB9-79B3-4FF7-A2DB-B40B94C22629-768x929.jpeg 768w, http:\/\/instytuttransmisjikulturowej.pl\/smr\/wp-content\/uploads\/2022\/11\/8368BDB9-79B3-4FF7-A2DB-B40B94C22629.jpeg 1170w\" sizes=\"auto, (max-width: 847px) 100vw, 847px\" \/><figcaption class=\"wp-element-caption\">Dorota Izabela Majerczyk (z domu Pintscher) urodzona 16 listopada 1971 roku w Rabce- Zdroju, folklorystka, etnograf i badacz kultury ze Stowarzyszenia Mi\u0142o\u015bnik\u00f3w Kultury Ludowej w Chab\u00f3wce. W 2005 roku uko\u0144czy\u0142a studia wy\u017csze na wydziale etnologii Uniwersytetu \u015al\u0105skiego w Katowicach Filia w Cieszynie (Wydzia\u0142 Etnologii i Nauk o Edukacji, Katedra Folklorystyki Og\u00f3lnej i Stosowanej), pog\u0142\u0119biaj\u0105c wiedz\u0119 z dziedziny folkloru uzycznego i teorii muzyki pod okiem prof. Alojzego Kopoczka. W 2010 roku uko\u0144czy\u0142a Podyplomowe Studia Etnomuzykologiczne na Uniwersytecie Warszawskim. <br><br>Dzia\u0142alno\u015b\u0107 artystyczno-spo\u0142eczna Pani Doroty Majerczyk obejmuje przede wszystkim: organizacj\u0119 koncert\u00f3w, wyst\u0119p\u00f3w, festiwali, warsztat\u00f3w folklorystycznych oraz wspieranie dzia\u0142aczy regionalnych i tw\u00f3rc\u00f3w ludowych w regionie podhala\u0144skim. Pani Dorota Majerczyk jest niew\u0105tpliwie osob\u0105, kt\u00f3rej spo\u0142eczno\u015b\u0107 lokalna wiele zawdzi\u0119cza w zakresie upowszechniania dziedzictwa kulturowego regionu.<\/figcaption><\/figure>\n\n\n\n<p><\/p>\n\n\n\n<p class=\"has-text-align-left\"><\/p>\n","protected":false},"excerpt":{"rendered":"<p>PREZENTACJE KONKURSOWE &#8211;> http:\/\/instytuttransmisjikulturowej.pl\/smr\/konkurs\/prezentacje\/ WYNIKI KONKURSU &#8211;> http:\/\/instytuttransmisjikulturowej.pl\/smr\/wyniki-konkursu\/ Jury konkursu Joszko Broda Katarzyna Golec Dorota Izabela Majerczyk<\/p>\n","protected":false},"author":4,"featured_media":0,"parent":0,"menu_order":0,"comment_status":"closed","ping_status":"closed","template":"","meta":{"footnotes":""},"class_list":["post-307","page","type-page","status-publish","hentry"],"_links":{"self":[{"href":"http:\/\/instytuttransmisjikulturowej.pl\/smr\/wp-json\/wp\/v2\/pages\/307","targetHints":{"allow":["GET"]}}],"collection":[{"href":"http:\/\/instytuttransmisjikulturowej.pl\/smr\/wp-json\/wp\/v2\/pages"}],"about":[{"href":"http:\/\/instytuttransmisjikulturowej.pl\/smr\/wp-json\/wp\/v2\/types\/page"}],"author":[{"embeddable":true,"href":"http:\/\/instytuttransmisjikulturowej.pl\/smr\/wp-json\/wp\/v2\/users\/4"}],"replies":[{"embeddable":true,"href":"http:\/\/instytuttransmisjikulturowej.pl\/smr\/wp-json\/wp\/v2\/comments?post=307"}],"version-history":[{"count":18,"href":"http:\/\/instytuttransmisjikulturowej.pl\/smr\/wp-json\/wp\/v2\/pages\/307\/revisions"}],"predecessor-version":[{"id":390,"href":"http:\/\/instytuttransmisjikulturowej.pl\/smr\/wp-json\/wp\/v2\/pages\/307\/revisions\/390"}],"wp:attachment":[{"href":"http:\/\/instytuttransmisjikulturowej.pl\/smr\/wp-json\/wp\/v2\/media?parent=307"}],"curies":[{"name":"wp","href":"https:\/\/api.w.org\/{rel}","templated":true}]}}