{"id":337,"date":"2022-12-15T19:04:48","date_gmt":"2022-12-15T18:04:48","guid":{"rendered":"http:\/\/instytuttransmisjikulturowej.pl\/smr\/?page_id=337"},"modified":"2022-12-17T13:28:11","modified_gmt":"2022-12-17T12:28:11","slug":"prezentacje","status":"publish","type":"page","link":"http:\/\/instytuttransmisjikulturowej.pl\/smr\/konkurs\/prezentacje\/","title":{"rendered":"Prezentacje"},"content":{"rendered":"<div class=\"wp-block-image\">\n<figure class=\"aligncenter size-full is-resized\"><img loading=\"lazy\" decoding=\"async\" src=\"http:\/\/instytuttransmisjikulturowej.pl\/smr\/wp-content\/uploads\/2022\/11\/Naglowek-6.png\" alt=\"\" class=\"wp-image-283\" width=\"715\" height=\"238\" srcset=\"http:\/\/instytuttransmisjikulturowej.pl\/smr\/wp-content\/uploads\/2022\/11\/Naglowek-6.png 600w, http:\/\/instytuttransmisjikulturowej.pl\/smr\/wp-content\/uploads\/2022\/11\/Naglowek-6-300x100.png 300w\" sizes=\"auto, (max-width: 715px) 100vw, 715px\" \/><\/figure>\n<\/div>\n\n\n<p class=\"has-medium-font-size\"><strong>1. Zesp\u00f3\u0142 Szk\u00f3\u0142 Og\u00f3lnokszta\u0142c\u0105cych w Rybczewicach<\/strong><\/p>\n\n\n\n<figure class=\"wp-block-embed is-type-video is-provider-youtube wp-block-embed-youtube wp-embed-aspect-16-9 wp-has-aspect-ratio\"><div class=\"wp-block-embed__wrapper\">\n<iframe loading=\"lazy\" title=\"\u201eSKARBY MOJEJ RODZINY\u2013 TRANSMISJA MI\u0118DZYPOKOLENIOWA\u201d - ZSO Rybczewice\" width=\"710\" height=\"399\" src=\"https:\/\/www.youtube.com\/embed\/uqUkLeN73G0?feature=oembed\" frameborder=\"0\" allow=\"accelerometer; autoplay; clipboard-write; encrypted-media; gyroscope; picture-in-picture\" allowfullscreen><\/iframe>\n<\/div><\/figure>\n\n\n\n<p class=\"has-medium-font-size\"><strong>2. Zesp\u00f3\u0142 szk\u00f3\u0142 w Piotrkowie, Piotrk\u00f3w Pierwszy<\/strong><\/p>\n\n\n\n<figure class=\"wp-block-embed is-type-video is-provider-youtube wp-block-embed-youtube wp-embed-aspect-16-9 wp-has-aspect-ratio\"><div class=\"wp-block-embed__wrapper\">\n<iframe loading=\"lazy\" title=\"&quot;Skarby mojej rodziny&quot; Prezentacje uczni\u00f3w Szko\u0142y Podstawowej im Unii Lubelskiej w Piotrkowie .\" width=\"710\" height=\"399\" src=\"https:\/\/www.youtube.com\/embed\/w3a06I2-Fc4?feature=oembed\" frameborder=\"0\" allow=\"accelerometer; autoplay; clipboard-write; encrypted-media; gyroscope; picture-in-picture\" allowfullscreen><\/iframe>\n<\/div><\/figure>\n\n\n\n<p class=\"has-medium-font-size\"><strong>3.<\/strong> <strong>Szko\u0142a podstawowa w Tuszowie<\/strong><\/p>\n\n\n\n<figure class=\"wp-block-embed is-type-video is-provider-youtube wp-block-embed-youtube wp-embed-aspect-16-9 wp-has-aspect-ratio\"><div class=\"wp-block-embed__wrapper\">\n<iframe loading=\"lazy\" title=\"\u201eSkarby mojej rodziny\u201d Szko\u0142a Podstawowa w Tuszowie\" width=\"710\" height=\"399\" src=\"https:\/\/www.youtube.com\/embed\/WVpinIp2eb8?feature=oembed\" frameborder=\"0\" allow=\"accelerometer; autoplay; clipboard-write; encrypted-media; gyroscope; picture-in-picture\" allowfullscreen><\/iframe>\n<\/div><\/figure>\n\n\n\n<p class=\"has-medium-font-size\"><strong>4.<\/strong> <strong>Szko\u0142a Podstawowa w Czerniejowie<\/strong><\/p>\n\n\n\n<figure class=\"wp-block-embed is-type-video is-provider-youtube wp-block-embed-youtube wp-embed-aspect-16-9 wp-has-aspect-ratio\"><div class=\"wp-block-embed__wrapper\">\n<iframe loading=\"lazy\" title=\"Skarby mojej rodziny - transmisja mi\u0119dzypokoleniowa.\" width=\"710\" height=\"399\" src=\"https:\/\/www.youtube.com\/embed\/DEWEeGcUfF8?feature=oembed\" frameborder=\"0\" allow=\"accelerometer; autoplay; clipboard-write; encrypted-media; gyroscope; picture-in-picture\" allowfullscreen><\/iframe>\n<\/div><\/figure>\n\n\n\n<p class=\"has-medium-font-size\"><strong>5.<\/strong> <strong>Gminny Zesp\u00f3\u0142 Szkolno Przedszkolny w Czarnym Borze<\/strong><\/p>\n\n\n\n<figure class=\"wp-block-embed is-type-video is-provider-youtube wp-block-embed-youtube wp-embed-aspect-16-9 wp-has-aspect-ratio\"><div class=\"wp-block-embed__wrapper\">\n<iframe loading=\"lazy\" title=\"Czarny B\u00f3r, praca konkursowa\" width=\"710\" height=\"399\" src=\"https:\/\/www.youtube.com\/embed\/8y_jRIRs-ZE?feature=oembed\" frameborder=\"0\" allow=\"accelerometer; autoplay; clipboard-write; encrypted-media; gyroscope; picture-in-picture\" allowfullscreen><\/iframe>\n<\/div><\/figure>\n\n\n\n<p class=\"has-medium-font-size\"><strong>6.<\/strong> <strong>Zesp\u00f3\u0142 Szkolno Przedszkolny w Che\u0142msku \u015al\u0105skim<\/strong><\/p>\n\n\n\n<figure class=\"wp-block-video\"><video height=\"576\" style=\"aspect-ratio: 1024 \/ 576;\" width=\"1024\" controls src=\"http:\/\/instytuttransmisjikulturowej.pl\/smr\/wp-content\/uploads\/2022\/12\/6.-Chelmsko.mp4\"><\/video><\/figure>\n\n\n\n<p class=\"has-medium-font-size\"><strong>7.<\/strong> <strong>Szko\u0142a podstawowa w Czerwonej Wodzie<\/strong><\/p>\n\n\n\n<figure class=\"wp-block-embed is-type-video is-provider-youtube wp-block-embed-youtube wp-embed-aspect-16-9 wp-has-aspect-ratio\"><div class=\"wp-block-embed__wrapper\">\n<iframe loading=\"lazy\" title=\"Konkurs &quot;Skarby mojej rodziny&quot; SP Czerwona Woda\" width=\"710\" height=\"399\" src=\"https:\/\/www.youtube.com\/embed\/AIJz9QT5Nng?feature=oembed\" frameborder=\"0\" allow=\"accelerometer; autoplay; clipboard-write; encrypted-media; gyroscope; picture-in-picture\" allowfullscreen><\/iframe>\n<\/div><\/figure>\n\n\n\n<p class=\"has-medium-font-size\"><strong>8.<\/strong> <strong>Szko\u0142a podstawowa Nowogrodziec Giera\u0142t\u00f3w<\/strong><\/p>\n\n\n\n<figure class=\"wp-block-embed is-type-video is-provider-youtube wp-block-embed-youtube wp-embed-aspect-16-9 wp-has-aspect-ratio\"><div class=\"wp-block-embed__wrapper\">\n<iframe loading=\"lazy\" title=\"Szko\u0142a Podstawowa im. Jana Paw\u0142a II w Giera\u0142towie\" width=\"710\" height=\"399\" src=\"https:\/\/www.youtube.com\/embed\/llGRzp9EgA0?feature=oembed\" frameborder=\"0\" allow=\"accelerometer; autoplay; clipboard-write; encrypted-media; gyroscope; picture-in-picture\" allowfullscreen><\/iframe>\n<\/div><\/figure>\n\n\n\n<p class=\"has-medium-font-size\"><strong>9.<\/strong> <strong>Szko\u0142a Podstawowa Waliszowskiego Stowarzyszenia Edukacyjnego<\/strong><\/p>\n\n\n\n<figure class=\"wp-block-video\"><video height=\"768\" style=\"aspect-ratio: 1024 \/ 768;\" width=\"1024\" controls src=\"http:\/\/instytuttransmisjikulturowej.pl\/smr\/wp-content\/uploads\/2022\/12\/Zbior-prezentacji-szkoly-WSE-Stary-Waliszow.mp4\"><\/video><\/figure>\n\n\n\n<p class=\"has-medium-font-size\"><strong>10.<\/strong> <strong>Szko\u0142a Podstawowa Fundacji Kr\u00f3lowej<\/strong> <strong>Jadwigi w Krzy\u017c\u00f3wkach<\/strong><\/p>\n\n\n\n<figure class=\"wp-block-embed is-type-video is-provider-youtube wp-block-embed-youtube wp-embed-aspect-16-9 wp-has-aspect-ratio\"><div class=\"wp-block-embed__wrapper\">\n<iframe loading=\"lazy\" title=\"Dziedzictwo\" width=\"710\" height=\"399\" src=\"https:\/\/www.youtube.com\/embed\/uemkXzAClKA?feature=oembed\" frameborder=\"0\" allow=\"accelerometer; autoplay; clipboard-write; encrypted-media; gyroscope; picture-in-picture\" allowfullscreen><\/iframe>\n<\/div><\/figure>\n\n\n\n<p class=\"has-medium-font-size\"><strong>11.<\/strong> <strong>Szko\u0142a Podstawowa nr 1<\/strong> <strong>w Koniakowie<\/strong><\/p>\n\n\n\n<figure class=\"wp-block-embed is-type-video is-provider-youtube wp-block-embed-youtube wp-embed-aspect-16-9 wp-has-aspect-ratio\"><div class=\"wp-block-embed__wrapper\">\n<iframe loading=\"lazy\" title=\"KONIAK\u00d3W SP NR 1 - SKARBY MOJEJ RODZINY\" width=\"710\" height=\"399\" src=\"https:\/\/www.youtube.com\/embed\/MfBtk8Pur0U?feature=oembed\" frameborder=\"0\" allow=\"accelerometer; autoplay; clipboard-write; encrypted-media; gyroscope; picture-in-picture\" allowfullscreen><\/iframe>\n<\/div><\/figure>\n\n\n\n<p class=\"has-medium-font-size\"><strong>12.<\/strong> <strong>Szko\u0142a Podstawowa nr 2 w Koniakowie<\/strong><\/p>\n\n\n\n<figure class=\"wp-block-embed is-type-video is-provider-youtube wp-block-embed-youtube wp-embed-aspect-16-9 wp-has-aspect-ratio\"><div class=\"wp-block-embed__wrapper\">\n<iframe loading=\"lazy\" title=\"SKARBY MOJEJ RODZINY\" width=\"710\" height=\"399\" src=\"https:\/\/www.youtube.com\/embed\/Ya0w7qYnRvA?feature=oembed\" frameborder=\"0\" allow=\"accelerometer; autoplay; clipboard-write; encrypted-media; gyroscope; picture-in-picture\" allowfullscreen><\/iframe>\n<\/div><\/figure>\n\n\n\n<p class=\"has-medium-font-size\"><strong>13.<\/strong> <strong>Szko\u0142a Podstawowa nr 1 w Rajczy<\/strong><\/p>\n\n\n\n<figure class=\"wp-block-video\"><video height=\"576\" style=\"aspect-ratio: 1024 \/ 576;\" width=\"1024\" controls src=\"http:\/\/instytuttransmisjikulturowej.pl\/smr\/wp-content\/uploads\/2022\/12\/13.-Prezentacja-1-Rajcza.mp4\"><\/video><\/figure>\n\n\n\n<p class=\"has-medium-font-size\"><strong>14.<\/strong> <strong>Szko\u0142a Podstawowa nr 2<\/strong> <strong>w Istebnej<\/strong><\/p>\n\n\n\n<figure class=\"wp-block-embed is-type-video is-provider-youtube wp-block-embed-youtube wp-embed-aspect-16-9 wp-has-aspect-ratio\"><div class=\"wp-block-embed__wrapper\">\n<iframe loading=\"lazy\" title=\"Skarby mojej rodziny - Szko\u0142a Podstawowa nr 2 im. Marii Konopnickiej w Istebnej\" width=\"710\" height=\"399\" src=\"https:\/\/www.youtube.com\/embed\/bQsqII69pVY?feature=oembed\" frameborder=\"0\" allow=\"accelerometer; autoplay; clipboard-write; encrypted-media; gyroscope; picture-in-picture\" allowfullscreen><\/iframe>\n<\/div><\/figure>\n\n\n\n<p class=\"has-medium-font-size\"><strong>15.<\/strong> <strong>Szko\u0142a Podstawowa nr 2 w Jaworzynce<\/strong><\/p>\n\n\n\n<figure class=\"wp-block-embed is-type-video is-provider-youtube wp-block-embed-youtube wp-embed-aspect-16-9 wp-has-aspect-ratio\"><div class=\"wp-block-embed__wrapper\">\n<iframe loading=\"lazy\" title=\"Skarby mojej rodziny SP2 Jaworzynka\" width=\"710\" height=\"399\" src=\"https:\/\/www.youtube.com\/embed\/L_13TnsQX9U?feature=oembed\" frameborder=\"0\" allow=\"accelerometer; autoplay; clipboard-write; encrypted-media; gyroscope; picture-in-picture\" allowfullscreen><\/iframe>\n<\/div><\/figure>\n\n\n\n<p class=\"has-medium-font-size\"><strong>16.<\/strong> <strong>Szko\u0142a Podstawowa nr 1 w Jaworzynce<\/strong><\/p>\n\n\n\n<figure class=\"wp-block-embed is-type-video is-provider-youtube wp-block-embed-youtube wp-embed-aspect-16-9 wp-has-aspect-ratio\"><div class=\"wp-block-embed__wrapper\">\n<iframe loading=\"lazy\" title=\"Prezentacja uczni\u00f3w SP1 Jaworzynka\" width=\"710\" height=\"399\" src=\"https:\/\/www.youtube.com\/embed\/iPfbrd-CXp0?feature=oembed\" frameborder=\"0\" allow=\"accelerometer; autoplay; clipboard-write; encrypted-media; gyroscope; picture-in-picture\" allowfullscreen><\/iframe>\n<\/div><\/figure>\n\n\n\n<p class=\"has-medium-font-size\"><strong>17.<\/strong> <strong>Szko\u0142a Podstawowa im Polski Niepodleg\u0142ej w Zalesiu<\/strong><\/p>\n\n\n\n<figure class=\"wp-block-embed is-type-video is-provider-youtube wp-block-embed-youtube wp-embed-aspect-16-9 wp-has-aspect-ratio\"><div class=\"wp-block-embed__wrapper\">\n<iframe loading=\"lazy\" title=\"17  Szko\u0142a Podstawowa im  Polski Niepodleg\u0142ej w Zalesiu\" width=\"710\" height=\"399\" src=\"https:\/\/www.youtube.com\/embed\/M5Q7eswZ06k?feature=oembed\" frameborder=\"0\" allow=\"accelerometer; autoplay; clipboard-write; encrypted-media; gyroscope; picture-in-picture\" allowfullscreen><\/iframe>\n<\/div><\/figure>\n\n\n\n<p class=\"has-medium-font-size\"><strong>18.<\/strong> <strong>Szko\u0142a Podstawowa im Leona Hempla w Skorczycach<\/strong><\/p>\n\n\n\n<figure class=\"wp-block-embed is-type-video is-provider-youtube wp-block-embed-youtube wp-embed-aspect-16-9 wp-has-aspect-ratio\"><div class=\"wp-block-embed__wrapper\">\n<iframe loading=\"lazy\" title=\"\u201eSkarby mojej rodziny\u201d - prezentacja konkursowa Szko\u0142y Podstawowej im. Leona Hempla w Skorczycach\" width=\"710\" height=\"399\" src=\"https:\/\/www.youtube.com\/embed\/5gy9hIY5vHk?feature=oembed\" frameborder=\"0\" allow=\"accelerometer; autoplay; clipboard-write; encrypted-media; gyroscope; picture-in-picture\" allowfullscreen><\/iframe>\n<\/div><\/figure>\n\n\n\n<p class=\"has-medium-font-size\"><strong>19.<\/strong> <strong>Zesp\u00f3\u0142 Szkolno Przedszkolny w Istebnej<\/strong><\/p>\n\n\n\n<figure class=\"wp-block-embed is-type-video is-provider-youtube wp-block-embed-youtube wp-embed-aspect-16-9 wp-has-aspect-ratio\"><div class=\"wp-block-embed__wrapper\">\n<iframe loading=\"lazy\" title=\"ZSP Istebna, Skarby Mojej Rodziny\" width=\"710\" height=\"399\" src=\"https:\/\/www.youtube.com\/embed\/gkIHEtSQCjk?feature=oembed\" frameborder=\"0\" allow=\"accelerometer; autoplay; clipboard-write; encrypted-media; gyroscope; picture-in-picture\" allowfullscreen><\/iframe>\n<\/div><\/figure>\n","protected":false},"excerpt":{"rendered":"<p>1. Zesp\u00f3\u0142 Szk\u00f3\u0142 Og\u00f3lnokszta\u0142c\u0105cych w Rybczewicach 2. Zesp\u00f3\u0142 szk\u00f3\u0142 w Piotrkowie, Piotrk\u00f3w Pierwszy 3. Szko\u0142a podstawowa w Tuszowie 4. Szko\u0142a Podstawowa w Czerniejowie 5. Gminny Zesp\u00f3\u0142 Szkolno Przedszkolny w Czarnym Borze 6. Zesp\u00f3\u0142 Szkolno Przedszkolny w Che\u0142msku \u015al\u0105skim 7. Szko\u0142a podstawowa w Czerwonej Wodzie 8. Szko\u0142a podstawowa Nowogrodziec Giera\u0142t\u00f3w 9. Szko\u0142a Podstawowa Waliszowskiego Stowarzyszenia Edukacyjnego [&hellip;]<\/p>\n","protected":false},"author":1,"featured_media":0,"parent":307,"menu_order":0,"comment_status":"closed","ping_status":"closed","template":"","meta":{"footnotes":""},"class_list":["post-337","page","type-page","status-publish","hentry"],"_links":{"self":[{"href":"http:\/\/instytuttransmisjikulturowej.pl\/smr\/wp-json\/wp\/v2\/pages\/337","targetHints":{"allow":["GET"]}}],"collection":[{"href":"http:\/\/instytuttransmisjikulturowej.pl\/smr\/wp-json\/wp\/v2\/pages"}],"about":[{"href":"http:\/\/instytuttransmisjikulturowej.pl\/smr\/wp-json\/wp\/v2\/types\/page"}],"author":[{"embeddable":true,"href":"http:\/\/instytuttransmisjikulturowej.pl\/smr\/wp-json\/wp\/v2\/users\/1"}],"replies":[{"embeddable":true,"href":"http:\/\/instytuttransmisjikulturowej.pl\/smr\/wp-json\/wp\/v2\/comments?post=337"}],"version-history":[{"count":29,"href":"http:\/\/instytuttransmisjikulturowej.pl\/smr\/wp-json\/wp\/v2\/pages\/337\/revisions"}],"predecessor-version":[{"id":383,"href":"http:\/\/instytuttransmisjikulturowej.pl\/smr\/wp-json\/wp\/v2\/pages\/337\/revisions\/383"}],"up":[{"embeddable":true,"href":"http:\/\/instytuttransmisjikulturowej.pl\/smr\/wp-json\/wp\/v2\/pages\/307"}],"wp:attachment":[{"href":"http:\/\/instytuttransmisjikulturowej.pl\/smr\/wp-json\/wp\/v2\/media?parent=337"}],"curies":[{"name":"wp","href":"https:\/\/api.w.org\/{rel}","templated":true}]}}