{"id":287,"date":"2022-11-24T18:39:30","date_gmt":"2022-11-24T17:39:30","guid":{"rendered":"http:\/\/instytuttransmisjikulturowej.pl\/smr\/?page_id=287"},"modified":"2022-12-20T13:59:26","modified_gmt":"2022-12-20T12:59:26","slug":"rekrutacja-2","status":"publish","type":"page","link":"https:\/\/instytuttransmisjikulturowej.pl\/smr\/rekrutacja-2\/","title":{"rendered":"Rekrutacja"},"content":{"rendered":"\n<p><strong>Lista szk\u00f3\u0142 zakwalifikowanych do projektu<\/strong>:<\/p>\n\n\n\n<ol class=\"wp-block-list\">\n<li>Zesp\u00f3\u0142 Szk\u00f3\u0142 Og\u00f3lnokszta\u0142c\u0105cych w Rybczewicach<\/li>\n\n\n\n<li>Zesp\u00f3\u0142 szk\u00f3\u0142 w Piotrkowie, Piotrk\u00f3w Pierwszy<\/li>\n\n\n\n<li>Szko\u0142a Podstawowa w Czerniejowie<\/li>\n\n\n\n<li>Szko\u0142a podstawowa w Tuszowie<\/li>\n\n\n\n<li>Gminny Zesp\u00f3\u0142 Szkolno Przedszkolny w Czarnym Borze<\/li>\n\n\n\n<li>Zesp\u00f3\u0142 Szkolno Przedszkolny w Che\u0142msku \u015al\u0105skim<\/li>\n\n\n\n<li>Szko\u0142a podstawowa w Czerwonej Wodzie<\/li>\n\n\n\n<li>Szko\u0142a podstawowa Nowogrodziec Giera\u0142t\u00f3w<\/li>\n\n\n\n<li>Szko\u0142a Podstawowa Waliszowskiego Stowarzyszenia Edukacyjnego<\/li>\n\n\n\n<li>Szko\u0142a Podstawowa Nr 1 w Istebnej<\/li>\n\n\n\n<li>Szko\u0142a Podstawowa Nr 2 w Istebnej<\/li>\n\n\n\n<li>Szko\u0142a Podstawowa Nr 2 w Jaworzynce<\/li>\n\n\n\n<li>Szko\u0142a Podstawowa Nr 1 w Koniakowie<\/li>\n\n\n\n<li>Szko\u0142a Podstawowa Nr 2 w Koniakowie<\/li>\n\n\n\n<li>Szko\u0142a Podstawowa Nr 1 w Rajczy<\/li>\n\n\n\n<li>Szko\u0142a Podstawowa Nr 1 Jaworzynka<\/li>\n\n\n\n<li>Szko\u0142a Podstawowa im Leona Hempla w Skorczycach<\/li>\n\n\n\n<li>Szko\u0142a im Polski Niepodleg\u0142ej w Zalesiu<\/li>\n\n\n\n<li>Szko\u0142a Podstawowa Fundacji Kr\u00f3lowej Jadwigi w Krzy\u017c\u00f3wkach<\/li>\n<\/ol>\n\n\n\n<p><\/p>\n\n\n\n<p><\/p>\n\n\n\n<p><\/p>\n","protected":false},"excerpt":{"rendered":"<p>Lista szk\u00f3\u0142 zakwalifikowanych do projektu:<\/p>\n","protected":false},"author":1,"featured_media":0,"parent":0,"menu_order":0,"comment_status":"closed","ping_status":"closed","template":"","meta":{"footnotes":""},"class_list":["post-287","page","type-page","status-publish","hentry"],"_links":{"self":[{"href":"https:\/\/instytuttransmisjikulturowej.pl\/smr\/wp-json\/wp\/v2\/pages\/287","targetHints":{"allow":["GET"]}}],"collection":[{"href":"https:\/\/instytuttransmisjikulturowej.pl\/smr\/wp-json\/wp\/v2\/pages"}],"about":[{"href":"https:\/\/instytuttransmisjikulturowej.pl\/smr\/wp-json\/wp\/v2\/types\/page"}],"author":[{"embeddable":true,"href":"https:\/\/instytuttransmisjikulturowej.pl\/smr\/wp-json\/wp\/v2\/users\/1"}],"replies":[{"embeddable":true,"href":"https:\/\/instytuttransmisjikulturowej.pl\/smr\/wp-json\/wp\/v2\/comments?post=287"}],"version-history":[{"count":9,"href":"https:\/\/instytuttransmisjikulturowej.pl\/smr\/wp-json\/wp\/v2\/pages\/287\/revisions"}],"predecessor-version":[{"id":389,"href":"https:\/\/instytuttransmisjikulturowej.pl\/smr\/wp-json\/wp\/v2\/pages\/287\/revisions\/389"}],"wp:attachment":[{"href":"https:\/\/instytuttransmisjikulturowej.pl\/smr\/wp-json\/wp\/v2\/media?parent=287"}],"curies":[{"name":"wp","href":"https:\/\/api.w.org\/{rel}","templated":true}]}}